{"id":2614,"date":"2022-05-25T11:53:08","date_gmt":"2022-05-25T11:53:08","guid":{"rendered":"https:\/\/alvold.sviluppo.host\/products\/facade-coatings\/"},"modified":"2022-05-25T11:53:09","modified_gmt":"2022-05-25T11:53:09","slug":"facade-coatings","status":"publish","type":"page","link":"https:\/\/alvold.sviluppo.host\/en\/products\/facade-coatings\/","title":{"rendered":"Fa\u00e7ade coatings"},"content":{"rendered":"\t\t<div data-elementor-type=\"wp-page\" data-elementor-id=\"2614\" class=\"elementor elementor-2614 elementor-1633\">\n\t\t\t\t\t\t<section class=\"elementor-section elementor-top-section elementor-element elementor-element-4f467290 elementor-section-content-middle elementor-section-boxed elementor-section-height-default elementor-section-height-default\" data-id=\"4f467290\" data-element_type=\"section\" data-settings=\"{&quot;background_background&quot;:&quot;classic&quot;}\">\n\t\t\t\t\t\t\t<div class=\"elementor-background-overlay\"><\/div>\n\t\t\t\t\t\t\t<div class=\"elementor-container elementor-column-gap-no\">\n\t\t\t\t\t<div class=\"elementor-column elementor-col-100 elementor-top-column elementor-element elementor-element-28b8aa18\" data-id=\"28b8aa18\" data-element_type=\"column\">\n\t\t\t<div class=\"elementor-widget-wrap elementor-element-populated\">\n\t\t\t\t\t\t<div class=\"elementor-element elementor-element-4f09884a elementor-widget elementor-widget-heading\" data-id=\"4f09884a\" data-element_type=\"widget\" data-widget_type=\"heading.default\">\n\t\t\t\t<div class=\"elementor-widget-container\">\n\t\t\t\t\t<h1 class=\"elementor-heading-title elementor-size-default\">Fa\u00e7ade coatings<\/h1>\t\t\t\t<\/div>\n\t\t\t\t<\/div>\n\t\t\t\t\t<\/div>\n\t\t<\/div>\n\t\t\t\t\t<\/div>\n\t\t<\/section>\n\t\t\t\t<section class=\"elementor-section elementor-top-section elementor-element elementor-element-39dc7ae0 elementor-section-content-middle elementor-section-boxed elementor-section-height-default elementor-section-height-default\" data-id=\"39dc7ae0\" data-element_type=\"section\" data-settings=\"{&quot;background_background&quot;:&quot;classic&quot;}\">\n\t\t\t\t\t\t<div class=\"elementor-container elementor-column-gap-default\">\n\t\t\t\t\t<div class=\"elementor-column elementor-col-33 elementor-top-column elementor-element elementor-element-5fbbbc6c\" data-id=\"5fbbbc6c\" data-element_type=\"column\">\n\t\t\t<div class=\"elementor-widget-wrap elementor-element-populated\">\n\t\t\t\t\t\t<div class=\"elementor-element elementor-element-4d739a00 elementor-widget elementor-widget-heading\" data-id=\"4d739a00\" data-element_type=\"widget\" data-widget_type=\"heading.default\">\n\t\t\t\t<div class=\"elementor-widget-container\">\n\t\t\t\t\t<h2 class=\"elementor-heading-title elementor-size-default\">Fa\u00e7ade coatings<\/h2>\t\t\t\t<\/div>\n\t\t\t\t<\/div>\n\t\t\t\t\t<\/div>\n\t\t<\/div>\n\t\t\t\t<div class=\"elementor-column elementor-col-33 elementor-top-column elementor-element elementor-element-8ee790c\" data-id=\"8ee790c\" data-element_type=\"column\">\n\t\t\t<div class=\"elementor-widget-wrap elementor-element-populated\">\n\t\t\t\t\t\t<div class=\"elementor-element elementor-element-1a686b40 elementor-widget elementor-widget-text-editor\" data-id=\"1a686b40\" data-element_type=\"widget\" data-widget_type=\"text-editor.default\">\n\t\t\t\t<div class=\"elementor-widget-container\">\n\t\t\t\t\t\t\t\t\t<p>Explore the brands we offer for a choice selection of f<em>a\u00e7ade coatings<\/em>.<\/p>\t\t\t\t\t\t\t\t<\/div>\n\t\t\t\t<\/div>\n\t\t\t\t\t<\/div>\n\t\t<\/div>\n\t\t\t\t<div class=\"elementor-column elementor-col-33 elementor-top-column elementor-element elementor-element-16de680b\" data-id=\"16de680b\" data-element_type=\"column\">\n\t\t\t<div class=\"elementor-widget-wrap\">\n\t\t\t\t\t\t\t<\/div>\n\t\t<\/div>\n\t\t\t\t\t<\/div>\n\t\t<\/section>\n\t\t\t\t<section class=\"elementor-section elementor-top-section elementor-element elementor-element-4625015d elementor-section-content-bottom elementor-section-boxed elementor-section-height-default elementor-section-height-default\" data-id=\"4625015d\" data-element_type=\"section\" data-settings=\"{&quot;background_background&quot;:&quot;classic&quot;}\">\n\t\t\t\t\t\t<div class=\"elementor-container elementor-column-gap-no\">\n\t\t\t\t\t<div class=\"elementor-column elementor-col-66 elementor-top-column elementor-element elementor-element-358750ad\" data-id=\"358750ad\" data-element_type=\"column\">\n\t\t\t<div class=\"elementor-widget-wrap elementor-element-populated\">\n\t\t\t\t\t\t<section class=\"elementor-section elementor-inner-section elementor-element elementor-element-6ef0bfbc elementor-section-boxed elementor-section-height-default elementor-section-height-default\" data-id=\"6ef0bfbc\" data-element_type=\"section\">\n\t\t\t\t\t\t<div class=\"elementor-container elementor-column-gap-no\">\n\t\t\t\t\t<div class=\"elementor-column elementor-col-25 elementor-inner-column elementor-element elementor-element-5fd01cbf\" data-id=\"5fd01cbf\" data-element_type=\"column\" data-settings=\"{&quot;background_background&quot;:&quot;classic&quot;}\">\n\t\t\t<div class=\"elementor-widget-wrap elementor-element-populated\">\n\t\t\t\t\t\t<div class=\"elementor-element elementor-element-37213800 elementor-widget elementor-widget-image\" data-id=\"37213800\" data-element_type=\"widget\" data-widget_type=\"image.default\">\n\t\t\t\t<div class=\"elementor-widget-container\">\n\t\t\t\t\t\t\t\t\t\t\t\t\t\t\t<img fetchpriority=\"high\" decoding=\"async\" width=\"300\" height=\"300\" src=\"https:\/\/alvold.sviluppo.host\/wp-content\/uploads\/2021\/01\/ATLASCONCORDE.jpg\" class=\"attachment-large size-large wp-image-2425\" alt=\"\" srcset=\"https:\/\/alvold.sviluppo.host\/wp-content\/uploads\/2021\/01\/ATLASCONCORDE.jpg 300w, https:\/\/alvold.sviluppo.host\/wp-content\/uploads\/2021\/01\/ATLASCONCORDE-150x150.jpg 150w\" sizes=\"(max-width: 300px) 100vw, 300px\" \/>\t\t\t\t\t\t\t\t\t\t\t\t\t\t\t<\/div>\n\t\t\t\t<\/div>\n\t\t\t\t\t<\/div>\n\t\t<\/div>\n\t\t\t\t<div class=\"elementor-column elementor-col-25 elementor-inner-column elementor-element elementor-element-6b5ba0be\" data-id=\"6b5ba0be\" data-element_type=\"column\" data-settings=\"{&quot;background_background&quot;:&quot;classic&quot;}\">\n\t\t\t<div class=\"elementor-widget-wrap elementor-element-populated\">\n\t\t\t\t\t\t<div class=\"elementor-element elementor-element-2c54be44 elementor-widget elementor-widget-image\" data-id=\"2c54be44\" data-element_type=\"widget\" data-widget_type=\"image.default\">\n\t\t\t\t<div class=\"elementor-widget-container\">\n\t\t\t\t\t\t\t\t\t\t\t\t\t\t\t<img decoding=\"async\" width=\"300\" height=\"300\" src=\"https:\/\/alvold.sviluppo.host\/wp-content\/uploads\/2021\/01\/DECO-1.jpg\" class=\"attachment-large size-large wp-image-2426\" alt=\"\" srcset=\"https:\/\/alvold.sviluppo.host\/wp-content\/uploads\/2021\/01\/DECO-1.jpg 300w, https:\/\/alvold.sviluppo.host\/wp-content\/uploads\/2021\/01\/DECO-1-150x150.jpg 150w\" sizes=\"(max-width: 300px) 100vw, 300px\" \/>\t\t\t\t\t\t\t\t\t\t\t\t\t\t\t<\/div>\n\t\t\t\t<\/div>\n\t\t\t\t\t<\/div>\n\t\t<\/div>\n\t\t\t\t<div class=\"elementor-column elementor-col-25 elementor-inner-column elementor-element elementor-element-4e311318\" data-id=\"4e311318\" data-element_type=\"column\" data-settings=\"{&quot;background_background&quot;:&quot;classic&quot;}\">\n\t\t\t<div class=\"elementor-widget-wrap elementor-element-populated\">\n\t\t\t\t\t\t<div class=\"elementor-element elementor-element-21357495 elementor-widget elementor-widget-image\" data-id=\"21357495\" data-element_type=\"widget\" data-widget_type=\"image.default\">\n\t\t\t\t<div class=\"elementor-widget-container\">\n\t\t\t\t\t\t\t\t\t\t\t\t\t\t\t<img decoding=\"async\" width=\"300\" height=\"300\" src=\"https:\/\/alvold.sviluppo.host\/wp-content\/uploads\/2021\/01\/emil-2.jpg\" class=\"attachment-large size-large wp-image-2427\" alt=\"\" srcset=\"https:\/\/alvold.sviluppo.host\/wp-content\/uploads\/2021\/01\/emil-2.jpg 300w, https:\/\/alvold.sviluppo.host\/wp-content\/uploads\/2021\/01\/emil-2-150x150.jpg 150w\" sizes=\"(max-width: 300px) 100vw, 300px\" \/>\t\t\t\t\t\t\t\t\t\t\t\t\t\t\t<\/div>\n\t\t\t\t<\/div>\n\t\t\t\t\t<\/div>\n\t\t<\/div>\n\t\t\t\t<div class=\"elementor-column elementor-col-25 elementor-inner-column elementor-element elementor-element-26c722fb\" data-id=\"26c722fb\" data-element_type=\"column\" data-settings=\"{&quot;background_background&quot;:&quot;classic&quot;}\">\n\t\t\t<div class=\"elementor-widget-wrap elementor-element-populated\">\n\t\t\t\t\t\t<div class=\"elementor-element elementor-element-24334aa elementor-widget elementor-widget-image\" data-id=\"24334aa\" data-element_type=\"widget\" data-widget_type=\"image.default\">\n\t\t\t\t<div class=\"elementor-widget-container\">\n\t\t\t\t\t\t\t\t\t\t\t\t\t\t\t<img loading=\"lazy\" decoding=\"async\" width=\"300\" height=\"300\" src=\"https:\/\/alvold.sviluppo.host\/wp-content\/uploads\/2021\/01\/LAMINAM-1.jpg\" class=\"attachment-large size-large wp-image-2428\" alt=\"\" srcset=\"https:\/\/alvold.sviluppo.host\/wp-content\/uploads\/2021\/01\/LAMINAM-1.jpg 300w, https:\/\/alvold.sviluppo.host\/wp-content\/uploads\/2021\/01\/LAMINAM-1-150x150.jpg 150w\" sizes=\"(max-width: 300px) 100vw, 300px\" \/>\t\t\t\t\t\t\t\t\t\t\t\t\t\t\t<\/div>\n\t\t\t\t<\/div>\n\t\t\t\t\t<\/div>\n\t\t<\/div>\n\t\t\t\t\t<\/div>\n\t\t<\/section>\n\t\t\t\t<section class=\"elementor-section elementor-inner-section elementor-element elementor-element-6c6f6115 elementor-section-boxed elementor-section-height-default elementor-section-height-default\" data-id=\"6c6f6115\" data-element_type=\"section\">\n\t\t\t\t\t\t<div class=\"elementor-container elementor-column-gap-no\">\n\t\t\t\t\t<div class=\"elementor-column elementor-col-25 elementor-inner-column elementor-element elementor-element-13118c55\" data-id=\"13118c55\" data-element_type=\"column\" data-settings=\"{&quot;background_background&quot;:&quot;classic&quot;}\">\n\t\t\t<div class=\"elementor-widget-wrap elementor-element-populated\">\n\t\t\t\t\t\t<div class=\"elementor-element elementor-element-429197b2 elementor-widget elementor-widget-image\" data-id=\"429197b2\" data-element_type=\"widget\" data-widget_type=\"image.default\">\n\t\t\t\t<div class=\"elementor-widget-container\">\n\t\t\t\t\t\t\t\t\t\t\t\t\t\t\t<img loading=\"lazy\" decoding=\"async\" width=\"300\" height=\"300\" src=\"https:\/\/alvold.sviluppo.host\/wp-content\/uploads\/2021\/01\/TRAPA-2.jpg\" class=\"attachment-large size-large wp-image-2429\" alt=\"\" srcset=\"https:\/\/alvold.sviluppo.host\/wp-content\/uploads\/2021\/01\/TRAPA-2.jpg 300w, https:\/\/alvold.sviluppo.host\/wp-content\/uploads\/2021\/01\/TRAPA-2-150x150.jpg 150w\" sizes=\"(max-width: 300px) 100vw, 300px\" \/>\t\t\t\t\t\t\t\t\t\t\t\t\t\t\t<\/div>\n\t\t\t\t<\/div>\n\t\t\t\t\t<\/div>\n\t\t<\/div>\n\t\t\t\t<div class=\"elementor-column elementor-col-25 elementor-inner-column elementor-element elementor-element-10a4604b\" data-id=\"10a4604b\" data-element_type=\"column\" data-settings=\"{&quot;background_background&quot;:&quot;classic&quot;}\">\n\t\t\t<div class=\"elementor-widget-wrap\">\n\t\t\t\t\t\t\t<\/div>\n\t\t<\/div>\n\t\t\t\t<div class=\"elementor-column elementor-col-25 elementor-inner-column elementor-element elementor-element-39743d75\" data-id=\"39743d75\" data-element_type=\"column\" data-settings=\"{&quot;background_background&quot;:&quot;classic&quot;}\">\n\t\t\t<div class=\"elementor-widget-wrap\">\n\t\t\t\t\t\t\t<\/div>\n\t\t<\/div>\n\t\t\t\t<div class=\"elementor-column elementor-col-25 elementor-inner-column elementor-element elementor-element-7867dbf9\" data-id=\"7867dbf9\" data-element_type=\"column\" data-settings=\"{&quot;background_background&quot;:&quot;classic&quot;}\">\n\t\t\t<div class=\"elementor-widget-wrap\">\n\t\t\t\t\t\t\t<\/div>\n\t\t<\/div>\n\t\t\t\t\t<\/div>\n\t\t<\/section>\n\t\t\t\t\t<\/div>\n\t\t<\/div>\n\t\t\t\t<div class=\"elementor-column elementor-col-33 elementor-top-column elementor-element elementor-element-679f665\" data-id=\"679f665\" data-element_type=\"column\">\n\t\t\t<div class=\"elementor-widget-wrap elementor-element-populated\">\n\t\t\t\t\t\t<div class=\"elementor-element elementor-element-6f65b87 elementor-widget elementor-widget-image\" data-id=\"6f65b87\" data-element_type=\"widget\" data-widget_type=\"image.default\">\n\t\t\t\t<div class=\"elementor-widget-container\">\n\t\t\t\t\t\t\t\t\t\t\t\t\t\t\t<img decoding=\"async\" src=\"https:\/\/alvold.sviluppo.host\/wp-content\/uploads\/elementor\/thumbs\/Rivestimenti-facciate_Verticale-p1w1acd50pj717e0g7w0hop8hgag4x87ngal05ls1s.jpg\" title=\"Rivestimenti facciate | ALV Interni\" alt=\"Rivestimenti facciate | ALV Interni\" loading=\"lazy\" \/>\t\t\t\t\t\t\t\t\t\t\t\t\t\t\t<\/div>\n\t\t\t\t<\/div>\n\t\t\t\t\t<\/div>\n\t\t<\/div>\n\t\t\t\t\t<\/div>\n\t\t<\/section>\n\t\t\t\t<\/div>\n\t\t","protected":false},"excerpt":{"rendered":"<p>Fa\u00e7ade coatings Fa\u00e7ade coatings Explore the brands we offer for a choice selection of fa\u00e7ade [&hellip;]<\/p>\n","protected":false},"author":1,"featured_media":0,"parent":2570,"menu_order":0,"comment_status":"closed","ping_status":"closed","template":"","meta":{"site-sidebar-layout":"no-sidebar","site-content-layout":"page-builder","ast-site-content-layout":"default","site-content-style":"default","site-sidebar-style":"default","ast-global-header-display":"","ast-banner-title-visibility":"","ast-main-header-display":"","ast-hfb-above-header-display":"","ast-hfb-below-header-display":"","ast-hfb-mobile-header-display":"","site-post-title":"disabled","ast-breadcrumbs-content":"","ast-featured-img":"disabled","footer-sml-layout":"","theme-transparent-header-meta":"enabled","adv-header-id-meta":"","stick-header-meta":"","header-above-stick-meta":"","header-main-stick-meta":"","header-below-stick-meta":"","astra-migrate-meta-layouts":"default","ast-page-background-enabled":"default","ast-page-background-meta":{"desktop":{"background-color":"","background-image":"","background-repeat":"repeat","background-position":"center center","background-size":"auto","background-attachment":"scroll","background-type":"","background-media":"","overlay-type":"","overlay-color":"","overlay-opacity":"","overlay-gradient":""},"tablet":{"background-color":"","background-image":"","background-repeat":"repeat","background-position":"center center","background-size":"auto","background-attachment":"scroll","background-type":"","background-media":"","overlay-type":"","overlay-color":"","overlay-opacity":"","overlay-gradient":""},"mobile":{"background-color":"","background-image":"","background-repeat":"repeat","background-position":"center center","background-size":"auto","background-attachment":"scroll","background-type":"","background-media":"","overlay-type":"","overlay-color":"","overlay-opacity":"","overlay-gradient":""}},"ast-content-background-meta":{"desktop":{"background-color":"var(--ast-global-color-5)","background-image":"","background-repeat":"repeat","background-position":"center center","background-size":"auto","background-attachment":"scroll","background-type":"","background-media":"","overlay-type":"","overlay-color":"","overlay-opacity":"","overlay-gradient":""},"tablet":{"background-color":"var(--ast-global-color-5)","background-image":"","background-repeat":"repeat","background-position":"center center","background-size":"auto","background-attachment":"scroll","background-type":"","background-media":"","overlay-type":"","overlay-color":"","overlay-opacity":"","overlay-gradient":""},"mobile":{"background-color":"var(--ast-global-color-5)","background-image":"","background-repeat":"repeat","background-position":"center center","background-size":"auto","background-attachment":"scroll","background-type":"","background-media":"","overlay-type":"","overlay-color":"","overlay-opacity":"","overlay-gradient":""}},"footnotes":""},"class_list":["post-2614","page","type-page","status-publish","hentry"],"yoast_head":"<!-- This site is optimized with the Yoast SEO plugin v25.5 - https:\/\/yoast.com\/wordpress\/plugins\/seo\/ -->\n<title>Fa\u00e7ade coatings &#8226; ALV Interni<\/title>\n<meta name=\"robots\" content=\"index, follow, max-snippet:-1, max-image-preview:large, max-video-preview:-1\" \/>\n<link rel=\"canonical\" href=\"https:\/\/alvold.sviluppo.host\/en\/products\/facade-coatings\/\" \/>\n<meta property=\"og:locale\" content=\"en_US\" \/>\n<meta property=\"og:type\" content=\"article\" \/>\n<meta property=\"og:title\" content=\"Fa\u00e7ade coatings &#8226; ALV Interni\" \/>\n<meta property=\"og:description\" content=\"Fa\u00e7ade coatings Fa\u00e7ade coatings Explore the brands we offer for a choice selection of fa\u00e7ade [&hellip;]\" \/>\n<meta property=\"og:url\" content=\"https:\/\/alvold.sviluppo.host\/en\/products\/facade-coatings\/\" \/>\n<meta property=\"og:site_name\" content=\"ALV Interni\" \/>\n<meta property=\"article:publisher\" content=\"https:\/\/www.facebook.com\/ALV-showroom-dinterni-100150821743949\/\" \/>\n<meta property=\"article:modified_time\" content=\"2022-05-25T11:53:09+00:00\" \/>\n<meta property=\"og:image\" content=\"https:\/\/alvold.sviluppo.host\/wp-content\/uploads\/2021\/01\/ATLASCONCORDE.jpg\" \/>\n<meta name=\"twitter:card\" content=\"summary_large_image\" \/>\n<script type=\"application\/ld+json\" class=\"yoast-schema-graph\">{\"@context\":\"https:\/\/schema.org\",\"@graph\":[{\"@type\":\"WebPage\",\"@id\":\"https:\/\/alvold.sviluppo.host\/en\/products\/facade-coatings\/\",\"url\":\"https:\/\/alvold.sviluppo.host\/en\/products\/facade-coatings\/\",\"name\":\"Fa\u00e7ade coatings &#8226; ALV Interni\",\"isPartOf\":{\"@id\":\"https:\/\/alvold.sviluppo.host\/#website\"},\"primaryImageOfPage\":{\"@id\":\"https:\/\/alvold.sviluppo.host\/en\/products\/facade-coatings\/#primaryimage\"},\"image\":{\"@id\":\"https:\/\/alvold.sviluppo.host\/en\/products\/facade-coatings\/#primaryimage\"},\"thumbnailUrl\":\"https:\/\/alvold.sviluppo.host\/wp-content\/uploads\/2021\/01\/ATLASCONCORDE.jpg\",\"datePublished\":\"2022-05-25T11:53:08+00:00\",\"dateModified\":\"2022-05-25T11:53:09+00:00\",\"breadcrumb\":{\"@id\":\"https:\/\/alvold.sviluppo.host\/en\/products\/facade-coatings\/#breadcrumb\"},\"inLanguage\":\"en-US\",\"potentialAction\":[{\"@type\":\"ReadAction\",\"target\":[\"https:\/\/alvold.sviluppo.host\/en\/products\/facade-coatings\/\"]}]},{\"@type\":\"ImageObject\",\"inLanguage\":\"en-US\",\"@id\":\"https:\/\/alvold.sviluppo.host\/en\/products\/facade-coatings\/#primaryimage\",\"url\":\"https:\/\/alvold.sviluppo.host\/wp-content\/uploads\/2021\/01\/ATLASCONCORDE.jpg\",\"contentUrl\":\"https:\/\/alvold.sviluppo.host\/wp-content\/uploads\/2021\/01\/ATLASCONCORDE.jpg\"},{\"@type\":\"BreadcrumbList\",\"@id\":\"https:\/\/alvold.sviluppo.host\/en\/products\/facade-coatings\/#breadcrumb\",\"itemListElement\":[{\"@type\":\"ListItem\",\"position\":1,\"name\":\"Home\",\"item\":\"https:\/\/alvold.sviluppo.host\/\"},{\"@type\":\"ListItem\",\"position\":2,\"name\":\"Products\",\"item\":\"https:\/\/alvold.sviluppo.host\/en\/products\/\"},{\"@type\":\"ListItem\",\"position\":3,\"name\":\"Fa\u00e7ade coatings\"}]},{\"@type\":\"WebSite\",\"@id\":\"https:\/\/alvold.sviluppo.host\/#website\",\"url\":\"https:\/\/alvold.sviluppo.host\/\",\"name\":\"ALV Interni\",\"description\":\"Showroom di interni\",\"publisher\":{\"@id\":\"https:\/\/alvold.sviluppo.host\/#organization\"},\"potentialAction\":[{\"@type\":\"SearchAction\",\"target\":{\"@type\":\"EntryPoint\",\"urlTemplate\":\"https:\/\/alvold.sviluppo.host\/?s={search_term_string}\"},\"query-input\":{\"@type\":\"PropertyValueSpecification\",\"valueRequired\":true,\"valueName\":\"search_term_string\"}}],\"inLanguage\":\"en-US\"},{\"@type\":\"Organization\",\"@id\":\"https:\/\/alvold.sviluppo.host\/#organization\",\"name\":\"ALV Interni\",\"url\":\"https:\/\/alvold.sviluppo.host\/\",\"logo\":{\"@type\":\"ImageObject\",\"inLanguage\":\"en-US\",\"@id\":\"https:\/\/alvold.sviluppo.host\/#\/schema\/logo\/image\/\",\"url\":\"https:\/\/alvold.sviluppo.host\/wp-content\/uploads\/2020\/11\/logonero.png\",\"contentUrl\":\"https:\/\/alvold.sviluppo.host\/wp-content\/uploads\/2020\/11\/logonero.png\",\"width\":488,\"height\":226,\"caption\":\"ALV Interni\"},\"image\":{\"@id\":\"https:\/\/alvold.sviluppo.host\/#\/schema\/logo\/image\/\"},\"sameAs\":[\"https:\/\/www.facebook.com\/ALV-showroom-dinterni-100150821743949\/\",\"https:\/\/www.instagram.com\/alv_interni_roma\/?igshid=chb51rd2voqh\"]}]}<\/script>\n<!-- \/ Yoast SEO plugin. -->","yoast_head_json":{"title":"Fa\u00e7ade coatings &#8226; ALV Interni","robots":{"index":"index","follow":"follow","max-snippet":"max-snippet:-1","max-image-preview":"max-image-preview:large","max-video-preview":"max-video-preview:-1"},"canonical":"https:\/\/alvold.sviluppo.host\/en\/products\/facade-coatings\/","og_locale":"en_US","og_type":"article","og_title":"Fa\u00e7ade coatings &#8226; ALV Interni","og_description":"Fa\u00e7ade coatings Fa\u00e7ade coatings Explore the brands we offer for a choice selection of fa\u00e7ade [&hellip;]","og_url":"https:\/\/alvold.sviluppo.host\/en\/products\/facade-coatings\/","og_site_name":"ALV Interni","article_publisher":"https:\/\/www.facebook.com\/ALV-showroom-dinterni-100150821743949\/","article_modified_time":"2022-05-25T11:53:09+00:00","og_image":[{"url":"https:\/\/alvold.sviluppo.host\/wp-content\/uploads\/2021\/01\/ATLASCONCORDE.jpg","type":"","width":"","height":""}],"twitter_card":"summary_large_image","schema":{"@context":"https:\/\/schema.org","@graph":[{"@type":"WebPage","@id":"https:\/\/alvold.sviluppo.host\/en\/products\/facade-coatings\/","url":"https:\/\/alvold.sviluppo.host\/en\/products\/facade-coatings\/","name":"Fa\u00e7ade coatings &#8226; ALV Interni","isPartOf":{"@id":"https:\/\/alvold.sviluppo.host\/#website"},"primaryImageOfPage":{"@id":"https:\/\/alvold.sviluppo.host\/en\/products\/facade-coatings\/#primaryimage"},"image":{"@id":"https:\/\/alvold.sviluppo.host\/en\/products\/facade-coatings\/#primaryimage"},"thumbnailUrl":"https:\/\/alvold.sviluppo.host\/wp-content\/uploads\/2021\/01\/ATLASCONCORDE.jpg","datePublished":"2022-05-25T11:53:08+00:00","dateModified":"2022-05-25T11:53:09+00:00","breadcrumb":{"@id":"https:\/\/alvold.sviluppo.host\/en\/products\/facade-coatings\/#breadcrumb"},"inLanguage":"en-US","potentialAction":[{"@type":"ReadAction","target":["https:\/\/alvold.sviluppo.host\/en\/products\/facade-coatings\/"]}]},{"@type":"ImageObject","inLanguage":"en-US","@id":"https:\/\/alvold.sviluppo.host\/en\/products\/facade-coatings\/#primaryimage","url":"https:\/\/alvold.sviluppo.host\/wp-content\/uploads\/2021\/01\/ATLASCONCORDE.jpg","contentUrl":"https:\/\/alvold.sviluppo.host\/wp-content\/uploads\/2021\/01\/ATLASCONCORDE.jpg"},{"@type":"BreadcrumbList","@id":"https:\/\/alvold.sviluppo.host\/en\/products\/facade-coatings\/#breadcrumb","itemListElement":[{"@type":"ListItem","position":1,"name":"Home","item":"https:\/\/alvold.sviluppo.host\/"},{"@type":"ListItem","position":2,"name":"Products","item":"https:\/\/alvold.sviluppo.host\/en\/products\/"},{"@type":"ListItem","position":3,"name":"Fa\u00e7ade coatings"}]},{"@type":"WebSite","@id":"https:\/\/alvold.sviluppo.host\/#website","url":"https:\/\/alvold.sviluppo.host\/","name":"ALV Interni","description":"Showroom di interni","publisher":{"@id":"https:\/\/alvold.sviluppo.host\/#organization"},"potentialAction":[{"@type":"SearchAction","target":{"@type":"EntryPoint","urlTemplate":"https:\/\/alvold.sviluppo.host\/?s={search_term_string}"},"query-input":{"@type":"PropertyValueSpecification","valueRequired":true,"valueName":"search_term_string"}}],"inLanguage":"en-US"},{"@type":"Organization","@id":"https:\/\/alvold.sviluppo.host\/#organization","name":"ALV Interni","url":"https:\/\/alvold.sviluppo.host\/","logo":{"@type":"ImageObject","inLanguage":"en-US","@id":"https:\/\/alvold.sviluppo.host\/#\/schema\/logo\/image\/","url":"https:\/\/alvold.sviluppo.host\/wp-content\/uploads\/2020\/11\/logonero.png","contentUrl":"https:\/\/alvold.sviluppo.host\/wp-content\/uploads\/2020\/11\/logonero.png","width":488,"height":226,"caption":"ALV Interni"},"image":{"@id":"https:\/\/alvold.sviluppo.host\/#\/schema\/logo\/image\/"},"sameAs":["https:\/\/www.facebook.com\/ALV-showroom-dinterni-100150821743949\/","https:\/\/www.instagram.com\/alv_interni_roma\/?igshid=chb51rd2voqh"]}]}},"_links":{"self":[{"href":"https:\/\/alvold.sviluppo.host\/en\/wp-json\/wp\/v2\/pages\/2614","targetHints":{"allow":["GET"]}}],"collection":[{"href":"https:\/\/alvold.sviluppo.host\/en\/wp-json\/wp\/v2\/pages"}],"about":[{"href":"https:\/\/alvold.sviluppo.host\/en\/wp-json\/wp\/v2\/types\/page"}],"author":[{"embeddable":true,"href":"https:\/\/alvold.sviluppo.host\/en\/wp-json\/wp\/v2\/users\/1"}],"replies":[{"embeddable":true,"href":"https:\/\/alvold.sviluppo.host\/en\/wp-json\/wp\/v2\/comments?post=2614"}],"version-history":[{"count":1,"href":"https:\/\/alvold.sviluppo.host\/en\/wp-json\/wp\/v2\/pages\/2614\/revisions"}],"predecessor-version":[{"id":2615,"href":"https:\/\/alvold.sviluppo.host\/en\/wp-json\/wp\/v2\/pages\/2614\/revisions\/2615"}],"up":[{"embeddable":true,"href":"https:\/\/alvold.sviluppo.host\/en\/wp-json\/wp\/v2\/pages\/2570"}],"wp:attachment":[{"href":"https:\/\/alvold.sviluppo.host\/en\/wp-json\/wp\/v2\/media?parent=2614"}],"curies":[{"name":"wp","href":"https:\/\/api.w.org\/{rel}","templated":true}]}}